{"id":16208,"date":"2021-02-14T09:39:05","date_gmt":"2021-02-14T06:39:05","guid":{"rendered":"http:\/\/rockwellboots.com\/sss\/"},"modified":"2021-08-12T20:45:57","modified_gmt":"2021-08-12T17:45:57","slug":"faq","status":"publish","type":"page","link":"https:\/\/rockwellboots.com\/en\/faq\/","title":{"rendered":"FAQ"},"content":{"rendered":"\t\t<div data-elementor-type=\"wp-page\" data-elementor-id=\"16208\" class=\"elementor elementor-16208 elementor-2689\">\n\t\t\t\t\t\t<section class=\"elementor-section elementor-top-section elementor-element elementor-element-78cb766 elementor-section-boxed elementor-section-height-default elementor-section-height-default\" data-id=\"78cb766\" data-element_type=\"section\">\r\n\t\t\r\n\t\t\t\t\t\t\t<div class=\"elementor-container elementor-column-gap-default\">\r\n\t\t\t\t\t\t\t\t\t\t\t<div class=\"elementor-column elementor-col-100 elementor-top-column elementor-element elementor-element-c762a5a\" data-id=\"c762a5a\" data-element_type=\"column\">\r\n\t\t\t\t\t<div class=\"elementor-widget-wrap\">\r\n\t\t\t\t\t\t\t\t\t<\/div>\r\n\t\t\t\t<\/div>\r\n\t\t\t\t\t<\/div>\r\n\t\t\t\t<\/section>\r\n\t\t\t\t<\/div>\n\t\t","protected":false},"excerpt":{"rendered":"<p>Frequently Asked Questions \u0130ade durumunda iade tutar\u0131 ne zaman hesab\u0131ma yatacak? \u0130ade durumunda iade tutar\u0131 ne zaman hesab\u0131ma yatacak?encode2021-02-14T09:46:11+03:00 \u0130ade ba\u015fvurunuz en ge\u00e7 10 g\u00fcn i\u00e7erisinde i\u015fleme al\u0131n\u0131r, iade talebiniz kabul edildi\u011finde bunu takiben 15\u00a0g\u00fcn i\u00e7inde al\u0131\u015fveri\u015f yapt\u0131\u011f\u0131n\u0131z kredi kart\u0131 hesab\u0131n\u0131za \u00fcr\u00fcn bedeliniz iade olacakt\u0131r. Bankan\u0131za ba\u011fl\u0131 olarak, iadenizi kredi kart\u0131n\u0131zda g\u00f6rmeniz birka\u00e7 g\u00fcn s\u00fcrebilir. [&hellip;]<\/p>\n","protected":false},"author":1,"featured_media":0,"parent":0,"menu_order":0,"comment_status":"closed","ping_status":"closed","template":"elementor_header_footer","meta":{"footnotes":""},"class_list":["post-16208","page","type-page","status-publish","hentry"],"_links":{"self":[{"href":"https:\/\/rockwellboots.com\/en\/wp-json\/wp\/v2\/pages\/16208","targetHints":{"allow":["GET"]}}],"collection":[{"href":"https:\/\/rockwellboots.com\/en\/wp-json\/wp\/v2\/pages"}],"about":[{"href":"https:\/\/rockwellboots.com\/en\/wp-json\/wp\/v2\/types\/page"}],"author":[{"embeddable":true,"href":"https:\/\/rockwellboots.com\/en\/wp-json\/wp\/v2\/users\/1"}],"replies":[{"embeddable":true,"href":"https:\/\/rockwellboots.com\/en\/wp-json\/wp\/v2\/comments?post=16208"}],"version-history":[{"count":0,"href":"https:\/\/rockwellboots.com\/en\/wp-json\/wp\/v2\/pages\/16208\/revisions"}],"wp:attachment":[{"href":"https:\/\/rockwellboots.com\/en\/wp-json\/wp\/v2\/media?parent=16208"}],"curies":[{"name":"wp","href":"https:\/\/api.w.org\/{rel}","templated":true}]}}