{"id":15225,"date":"2021-07-12T13:13:23","date_gmt":"2021-07-12T10:13:23","guid":{"rendered":"http:\/\/rockwellboots.com\/urun\/platin-s1p-gri-suet\/"},"modified":"2023-06-16T10:58:12","modified_gmt":"2023-06-16T07:58:12","slug":"platin-s1p-gri-suet","status":"publish","type":"product","link":"https:\/\/rockwellboots.com\/en\/urun\/platin-s1p-gri-suet\/","title":{"rendered":"PLATIN S1P GR\u0130 S\u00dcET KOMPOZ\u0130T BURUN KORUMALI \u0130\u015e AYAKKABISI"},"content":{"rendered":"<table>\n<tbody>\n<tr>\n<td style=\"width: 200px;\">\n<h3>Teknoloji<\/h3>\n<\/td>\n<td><img decoding=\"async\" src=\"\/wp-content\/uploads\/2021\/07\/on-micro.png\" width=\"150\" height=\"59\" \/> <img decoding=\"async\" src=\"\/wp-content\/uploads\/2021\/07\/on-steam.png\" width=\"150\" height=\"59\" \/> <img decoding=\"async\" src=\"\/wp-content\/uploads\/2021\/07\/artico.png\" width=\"150\" height=\"59\" \/> <img loading=\"lazy\" decoding=\"async\" src=\"\/wp-content\/uploads\/2021\/07\/3d-air.png\" width=\"150\" height=\"59\" \/> <img loading=\"lazy\" decoding=\"async\" src=\"\/wp-content\/uploads\/2021\/07\/protector-z.png\" width=\"150\" height=\"59\" \/> <img loading=\"lazy\" decoding=\"async\" src=\"\/wp-content\/uploads\/2021\/07\/direct-injection.png\" width=\"150\" height=\"59\" \/><\/td>\n<\/tr>\n<\/tbody>\n<\/table>\n<table>\n<tbody>\n<tr>\n<td style=\"width: 200px;\">\n<h3>Semboller<\/h3>\n<\/td>\n<td><img loading=\"lazy\" decoding=\"async\" src=\"\/wp-content\/uploads\/2021\/06\/S.png\" width=\"80\" height=\"80\" \/> <img loading=\"lazy\" decoding=\"async\" src=\"\/wp-content\/uploads\/2021\/06\/E.png\" width=\"80\" height=\"80\" \/> <img loading=\"lazy\" decoding=\"async\" src=\"\/wp-content\/uploads\/2021\/06\/A.png\" width=\"80\" height=\"80\" \/> <img loading=\"lazy\" decoding=\"async\" src=\"\/wp-content\/uploads\/2021\/06\/FO.png\" width=\"80\" height=\"80\" \/> <img loading=\"lazy\" decoding=\"async\" src=\"\/wp-content\/uploads\/2021\/06\/SRC.png\" width=\"80\" height=\"80\" \/> <img loading=\"lazy\" decoding=\"async\" src=\"\/wp-content\/uploads\/2021\/07\/taban-puipu.png\" width=\"80\" height=\"80\" \/><\/td>\n<\/tr>\n<\/tbody>\n<\/table>\n<table>\n<tbody>\n<tr>\n<td style=\"width: 200px;\">\n<h3>Belgeler<\/h3>\n<\/td>\n<td><\/td>\n<\/tr>\n<\/tbody>\n<\/table>\n","protected":false},"excerpt":{"rendered":"<p><span style=\"color: #ff6600;\"><strong>Burun Koruma:<\/strong><\/span> Kompozit burun koruma (200J)<br \/>\n<span style=\"color: #ff6600;\"><strong>Renk:<\/strong><\/span> GR\u0130<br \/>\n<span style=\"color: #ff6600;\"><strong>Saya:<\/strong><\/span> A\u015f\u0131nmaya dayan\u0131kl\u0131 onMicro s\u00fcet ve 3D Air<br \/>\n<span style=\"color: #ff6600;\"><strong>Astar:<\/strong><\/span> %100 Nefes alabilen, a\u015f\u0131nmaya dayan\u0131kl\u0131 ve okaliptus kokulu 3D Air<br \/>\n<span style=\"color: #ff6600;\"><strong>Ara Taban:<\/strong><\/span> ProtectorZ Kevlar ara taban<br \/>\n<span style=\"color: #ff6600;\"><strong>Taban:<\/strong><\/span> PU\/PU \u00e7ift Densite , SRC<br \/>\n<span style=\"color: #ff6600;\"><strong>Mostra:<\/strong><\/span> Antibakteriyel ve aya destekli \u00e7\u0131kar\u0131labilir ActionFlex<br \/>\n<span style=\"color: #ff6600;\"><strong>Ek \u00d6zellik:<\/strong><\/span> *<\/p>\n","protected":false},"featured_media":4514,"template":"","meta":[],"product_brand":[],"product_cat":[49,163],"product_tag":[142,146,137,132,144],"class_list":{"0":"post-15225","1":"product","2":"type-product","3":"status-publish","4":"has-post-thumbnail","6":"product_cat-is-guvenligi","7":"product_cat-is-guvenligi-ayakkabilari","8":"product_tag-3d-air","9":"product_tag-gri","10":"product_tag-kompozit","11":"product_tag-onmicro","12":"product_tag-s1p","13":"pa_beden-93","14":"pa_beden-94","15":"pa_beden-95","16":"pa_beden-96","17":"pa_beden-97","18":"pa_beden-98","19":"pa_beden-99","20":"pa_beden-100","21":"pa_beden-101","22":"pa_beden-102","23":"pa_beden-103","24":"pa_beden-104","25":"pa_beden-105","26":"pa_beden-106","28":"first","29":"outofstock","30":"product-type-variable"},"_links":{"self":[{"href":"https:\/\/rockwellboots.com\/en\/wp-json\/wp\/v2\/product\/15225","targetHints":{"allow":["GET"]}}],"collection":[{"href":"https:\/\/rockwellboots.com\/en\/wp-json\/wp\/v2\/product"}],"about":[{"href":"https:\/\/rockwellboots.com\/en\/wp-json\/wp\/v2\/types\/product"}],"version-history":[{"count":0,"href":"https:\/\/rockwellboots.com\/en\/wp-json\/wp\/v2\/product\/15225\/revisions"}],"wp:featuredmedia":[{"embeddable":true,"href":"https:\/\/rockwellboots.com\/en\/wp-json\/wp\/v2\/media\/4514"}],"wp:attachment":[{"href":"https:\/\/rockwellboots.com\/en\/wp-json\/wp\/v2\/media?parent=15225"}],"wp:term":[{"taxonomy":"product_brand","embeddable":true,"href":"https:\/\/rockwellboots.com\/en\/wp-json\/wp\/v2\/product_brand?post=15225"},{"taxonomy":"product_cat","embeddable":true,"href":"https:\/\/rockwellboots.com\/en\/wp-json\/wp\/v2\/product_cat?post=15225"},{"taxonomy":"product_tag","embeddable":true,"href":"https:\/\/rockwellboots.com\/en\/wp-json\/wp\/v2\/product_tag?post=15225"}],"curies":[{"name":"wp","href":"https:\/\/api.w.org\/{rel}","templated":true}]}}